{"id":94,"date":"2024-10-21T13:54:53","date_gmt":"2024-10-21T13:54:53","guid":{"rendered":"https:\/\/pcbbe2025wp.ibib.waw.pl\/?page_id=94"},"modified":"2024-11-13T15:15:55","modified_gmt":"2024-11-13T15:15:55","slug":"organizngcommittee","status":"publish","type":"page","link":"https:\/\/nbc2025.ibib.waw.pl\/index.php\/organizngcommittee\/","title":{"rendered":"Organizing Committee"},"content":{"rendered":"\n<h4 class=\"wp-block-heading\"><br><strong>Chairmen of the Conference<\/strong><\/h4>\n\n\n\n<p><br><\/p>\n\n\n\n<p><\/p>\n\n\n\n<h5 class=\"wp-block-heading\">Prof. Adam Liebert<\/h5>\n\n\n\n<p><em>Chairman of the Committee of Biocybernetics and Biomedical Engineering<\/em><\/p>\n\n\n\n<p><em>Polish Academy of Sciences<\/em><\/p>\n\n\n\n<p><br><\/p>\n\n\n\n<h5 class=\"wp-block-heading\"><strong>Prof. Marek Darowski<\/strong><\/h5>\n\n\n\n<p><em>President of the Polish Society for Biomedical Engineering<\/em><\/p>\n\n\n\n<p><br><\/p>\n\n\n\n<h5 class=\"wp-block-heading\"><strong>Prof. Piotr \u0141ady\u017cy\u0144ski<\/strong><\/h5>\n\n\n\n<p><em>Director of the Nalecz Institute of Biocybernetics and Biomedical Engineering<\/em><\/p>\n\n\n\n<p><em>Polish Academy of Sciences<\/em><\/p>\n\n\n\n<h4 class=\"wp-block-heading\"><br><strong>Conference Organizing Committee<\/strong><\/h4>\n\n\n\n<p>Prof. Piotr \u0141ady\u017cy\u0144ski \u2013 chairman<\/p>\n\n\n\n<p>Marta Baranowska<\/p>\n\n\n\n<p>Hanna Bazior<\/p>\n\n\n\n<p>Dr. Anna Stecka<\/p>\n\n\n\n<p>Justyna Rogalska<\/p>\n\n\n\n<p>Marek Rudnicki<\/p>\n\n\n\n<p>\u0141ukasz Wasilak<\/p>\n\n\n\n<p>Barbara Wolff<\/p>\n\n\n\n<p>Marcin Wo\u017aniak<\/p>\n\n\n\n<p>Dr. Krzysztof Zieli\u0144ski<\/p>\n","protected":false},"excerpt":{"rendered":"<p>Chairmen of the Conference Prof. Adam Liebert Chairman of the Committee of Biocybernetics and Biomedical Engineering Polish Academy of Sciences Prof. Marek Darowski President of the Polish Society for Biomedical &#8230;<\/p>\n","protected":false},"author":1,"featured_media":0,"parent":0,"menu_order":0,"comment_status":"closed","ping_status":"closed","template":"template-fullwidth.php","meta":{"footnotes":""},"class_list":["post-94","page","type-page","status-publish","hentry"],"_links":{"self":[{"href":"https:\/\/nbc2025.ibib.waw.pl\/index.php\/wp-json\/wp\/v2\/pages\/94","targetHints":{"allow":["GET"]}}],"collection":[{"href":"https:\/\/nbc2025.ibib.waw.pl\/index.php\/wp-json\/wp\/v2\/pages"}],"about":[{"href":"https:\/\/nbc2025.ibib.waw.pl\/index.php\/wp-json\/wp\/v2\/types\/page"}],"author":[{"embeddable":true,"href":"https:\/\/nbc2025.ibib.waw.pl\/index.php\/wp-json\/wp\/v2\/users\/1"}],"replies":[{"embeddable":true,"href":"https:\/\/nbc2025.ibib.waw.pl\/index.php\/wp-json\/wp\/v2\/comments?post=94"}],"version-history":[{"count":10,"href":"https:\/\/nbc2025.ibib.waw.pl\/index.php\/wp-json\/wp\/v2\/pages\/94\/revisions"}],"predecessor-version":[{"id":214,"href":"https:\/\/nbc2025.ibib.waw.pl\/index.php\/wp-json\/wp\/v2\/pages\/94\/revisions\/214"}],"wp:attachment":[{"href":"https:\/\/nbc2025.ibib.waw.pl\/index.php\/wp-json\/wp\/v2\/media?parent=94"}],"curies":[{"name":"wp","href":"https:\/\/api.w.org\/{rel}","templated":true}]}}