{"id":196,"date":"2024-11-13T15:07:36","date_gmt":"2024-11-13T15:07:36","guid":{"rendered":"https:\/\/nbc2025.ibib.waw.pl\/?page_id=196"},"modified":"2025-04-29T11:02:34","modified_gmt":"2025-04-29T11:02:34","slug":"scientific-program-committee","status":"publish","type":"page","link":"https:\/\/nbc2025.ibib.waw.pl\/index.php\/scientific-program-committee\/","title":{"rendered":"Scientific Program Committee"},"content":{"rendered":"\n<h5 class=\"wp-block-heading\">Prof. Dorota G. Pijanowska, Poland &#8211; chairwoman<\/h5>\n\n\n\n<p><br><\/p>\n\n\n\n<div class=\"wp-block-columns is-layout-flex wp-container-core-columns-is-layout-9d6595d7 wp-block-columns-is-layout-flex\">\n<div class=\"wp-block-column is-layout-flow wp-block-column-is-layout-flow\">\n<p>Prof. <strong>Diana Adliene<\/strong>, Lithuania<\/p>\n\n\n\n<p>Prof. <strong>Milos Ajcevic<\/strong>, Italy<\/p>\n\n\n\n<p>Asst. Prof. <strong>Hakan Aldskogius<\/strong>, Sweden<\/p>\n\n\n\n<p>Prof. <strong>Iulian Antoniac<\/strong>, Romania<\/p>\n\n\n\n<p>Prof. <strong>Piotr Augustyniak<\/strong>, Poland<\/p>\n\n\n\n<p>Prof. <strong>Daiva Baltriukien\u0117<\/strong>, Lithuania<\/p>\n\n\n\n<p>Prof. <strong>Panagiotis Bamidis<\/strong>, Greece<\/p>\n\n\n\n<p>Prof. <strong>Ryszard Bia\u0142ecki<\/strong>, Poland<\/p>\n\n\n\n<p>Prof. Dr. <strong>Zhivko Bliznakov<\/strong>, Bulgaria<\/p>\n\n\n\n<p>Prof. <strong>Hugh Byrne<\/strong>, Ireland<\/p>\n\n\n\n<p>Prof. <strong>Marina Cabrin<\/strong>, Italy<\/p>\n\n\n\n<p>Prof. <strong>Carmel Caruana<\/strong>, Malta<\/p>\n\n\n\n<p>Prof. <strong>Frans Cornelissen<\/strong>, Netherlands<\/p>\n\n\n\n<p>Prof. <strong>Gerard Cybulski<\/strong>, Poland<\/p>\n\n\n\n<p>Prof. <strong>Todorka Dimitrova<\/strong>, Bulgaria<\/p>\n\n\n\n<p>Prof. <strong>Arzum Erdem Gursan<\/strong>, Turkey<\/p>\n\n\n\n<p>Prof. Dr.Ir. <strong>Ivo Fridolin<\/strong>, Estonia<\/p>\n\n\n\n<p>Prof. <strong>Birgit Glasmacher<\/strong>, Germany<\/p>\n\n\n\n<p>Prof. <strong>Joaquin Roca&nbsp; Gonzalez<\/strong>, Spain<\/p>\n\n\n\n<p>Prof. <strong>Ludomira Granicka<\/strong>, Poland<\/p>\n\n\n\n<p>Prof. Dr. <strong>Julius Gri\u0161kevi\u010dius<\/strong>, Lithuania<\/p>\n\n\n\n<p>Prof. <strong>K\u0101rlis-Agris&nbsp; Gross<\/strong>, Latvia<\/p>\n\n\n\n<p>Prof. Dr. <strong>Lejla Gurbeta Pokvic<\/strong>, Bosnia and Herzegovina<\/p>\n\n\n\n<p>Prof. <strong>Marek Gzik<\/strong>, Poland<\/p>\n\n\n\n<p>Dr. Eng. <strong>Ulrich Hofmann<\/strong>, Germany<\/p>\n\n\n\n<p>Prof. <strong>Daoud Robert Iskander<\/strong>, Poland<\/p>\n\n\n\n<p>Prof. <strong>Timo Jamsa<\/strong>, Finland<\/p>\n\n\n\n<p>Prof. <strong>Toma\u017e Jarm<\/strong>, Slovenia<\/p>\n\n\n\n<p>Prof. <strong>Janusz Je\u017cewski<\/strong>, Poland<\/p>\n\n\n\n<p>Prof. <strong>\u00c1kos Jobb\u00e1gy<\/strong>, Hungary<\/p>\n\n\n\n<p>Prof. <strong>Eliasz Ka\u0144toch<\/strong>, Poland<\/p>\n\n\n\n<p>Prof. <strong>Magdalena Kasprowicz<\/strong>, Poland<\/p>\n\n\n\n<p>Prof. Univ. <strong>Alexei&nbsp; Katashev<\/strong> , Latvia<\/p>\n\n\n\n<p>Prof. <strong>Anna Korzy\u0144ska<\/strong>, Poland<\/p>\n\n\n\n<p>Prof. <strong>Ma\u0142gorzata Kotulska<\/strong>, Poland<\/p>\n\n\n\n<p>Prof. Dr. <strong>Michalis Koutinas<\/strong>, Cyprus<\/p>\n\n\n\n<p>Prof. <strong>Elena Kozlova<\/strong>, Sweden<\/p>\n\n\n\n<p>Prof. <strong>Gunta Krumina<\/strong>, Latvia<\/p>\n\n\n\n<p>Assoc. Prof. Eng. <strong>Jaanus Lass<\/strong>, Estonia<\/p>\n\n\n\n<p>Prof. <strong>Dorota Lewi\u0144ska<\/strong>, Poland<\/p>\n\n\n\n<p>Prof. <strong>Maria Lind\u00e9n<\/strong>, Sweden<\/p>\n\n\n\n<p>Prof. <strong>Janis Lo\u010ds<\/strong>, Latvia<\/p>\n\n\n\n<p>Prof. <strong>Roman Maniewski<\/strong>, Poland<\/p>\n\n\n\n<p><\/p>\n<\/div>\n\n\n\n<div class=\"wp-block-column is-layout-flow wp-block-column-is-layout-flow\">\n<p>Prof. Dr. <strong>Vaidotas Marozas<\/strong>, Lithuania<\/p>\n\n\n\n<p>Asst. Prof. <strong>Jose Miguel&nbsp; Martin Martinez<\/strong>, Spain<\/p>\n\n\n\n<p>Prof. <strong>Winfried Mayr<\/strong>, Austria<\/p>\n\n\n\n<p>Prof. hc Dr.-Ing. <strong>Mario Medvedec<\/strong>, Croatia<\/p>\n\n\n\n<p>Prof. <strong>Kalju Meigas<\/strong>, Estonia<\/p>\n\n\n\n<p>Prof. <strong>Robert Michnik<\/strong>, Poland<\/p>\n\n\n\n<p>Prof. <strong>Valerie Moreno<\/strong>, France<\/p>\n\n\n\n<p>Prof. <strong>Tomasz Moskalewicz<\/strong>, Poland<\/p>\n\n\n\n<p>Assoc. Prof. <strong>Bert M\u00fcller<\/strong>, Switzerland<\/p>\n\n\n\n<p>Prof. <strong>Sergei Nazarenko<\/strong>, Estonia<\/p>\n\n\n\n<p>Prof. <strong>Fredrik Nikolajeff<\/strong>, Sweden<\/p>\n\n\n\n<p>Doc. Ing. <strong>Nicolas &nbsp;Pallikarakis<\/strong>, Greece<\/p>\n\n\n\n<p>Prof. <strong>Tadeusz Pa\u0142ko<\/strong>, Poland<\/p>\n\n\n\n<p>Prof. <strong>El\u017cbieta Pamu\u0142a<\/strong>, Poland<\/p>\n\n\n\n<p>Prof.&nbsp; <strong>Zbigniew Paszenda<\/strong>, Poland<\/p>\n\n\n\n<p>Prof. <strong>Jolanta Pauk<\/strong>, Poland<\/p>\n\n\n\n<p>Prof. <strong>Thomas Penzel<\/strong>, Germany<\/p>\n\n\n\n<p>Prof. <strong>Ewa Pi\u0119tka<\/strong>, Poland<\/p>\n\n\n\n<p>Prof. <strong>Martins&nbsp; Piksis<\/strong>, Latvia<\/p>\n\n\n\n<p>Prof. <strong>Kristjan Pilt<\/strong>, Estonia<\/p>\n\n\n\n<p>Prof. <strong>Halina Podbielska<\/strong>, Poland<\/p>\n\n\n\n<p>Prof. <strong>Ryszard Pohorecki<\/strong>, Poland<\/p>\n\n\n\n<p>Prof. <strong>Dejan Popovi\u0107<\/strong>, Serbia<\/p>\n\n\n\n<p>Prof.&nbsp; <strong>Jevgenijs Proskurins<\/strong>, Latvia<\/p>\n\n\n\n<p>Prof. <strong>Elizabeth Aune Ragnhild<\/strong>, Norway<\/p>\n\n\n\n<p>Prof. <strong>Marius N. Roman<\/strong>, Romania<\/p>\n\n\n\n<p>Prof. <strong>Anatoly B. Rozenfeld<\/strong>, Australia<\/p>\n\n\n\n<p>Prof.&nbsp; <strong>Simo S\u00e4rkk\u00e4<\/strong>, Finland<\/p>\n\n\n\n<p>Prof. <strong>Heinrich Schima<\/strong>, Austria<\/p>\n\n\n\n<p>Prof. <strong>M\u00e1rio Forjaz Secca<\/strong>, Portugal<\/p>\n\n\n\n<p>Prof. <strong>Karsten Seidl<\/strong>, Germany<\/p>\n\n\n\n<p>Prof. <strong>Sudesh Sivarasu<\/strong>, South Africa<\/p>\n\n\n\n<p>Prof. <strong>Janis Spigulis<\/strong>, Latvia<\/p>\n\n\n\n<p>Prof. <strong>Johan Stiens<\/strong>, Belgium<\/p>\n\n\n\n<p>Prof. <strong>Pawe\u0142 Strumi\u0142\u0142o<\/strong>, Poland<\/p>\n\n\n\n<p>Prof. <strong>Fong-Chin&nbsp;Su<\/strong>, Taiwan<\/p>\n\n\n\n<p>Prof. <strong>Andrzej \u015awierniak<\/strong>, Poland<\/p>\n\n\n\n<p>Prof. <strong>Slavik Tabakov<\/strong>, UK<\/p>\n\n\n\n<p>Prof. <strong>Sigitas Tamulevi\u010dius<\/strong>, Lithuania<\/p>\n\n\n\n<p>Prof. <strong>Ewaryst Tkacz<\/strong>, Poland<\/p>\n\n\n\n<p>Prof. <strong>Miroslav Trajanovic<\/strong>, Serbia<\/p>\n\n\n\n<p>Prof. <strong>Milan Ty\u0161ler<\/strong>, Slovakia<\/p>\n\n\n\n<p>Prof. <strong>Janusz Wr\u00f3bel<\/strong>, Poland<\/p>\n<\/div>\n<\/div>\n","protected":false},"excerpt":{"rendered":"<p>Prof. Dorota G. Pijanowska, Poland &#8211; chairwoman Prof. Diana Adliene, Lithuania Prof. Milos Ajcevic, Italy Asst. Prof. Hakan Aldskogius, Sweden Prof. Iulian Antoniac, Romania Prof. Piotr Augustyniak, Poland Prof. Daiva &#8230;<\/p>\n","protected":false},"author":1,"featured_media":0,"parent":0,"menu_order":0,"comment_status":"closed","ping_status":"closed","template":"template-fullwidth.php","meta":{"footnotes":""},"class_list":["post-196","page","type-page","status-publish","hentry"],"_links":{"self":[{"href":"https:\/\/nbc2025.ibib.waw.pl\/index.php\/wp-json\/wp\/v2\/pages\/196","targetHints":{"allow":["GET"]}}],"collection":[{"href":"https:\/\/nbc2025.ibib.waw.pl\/index.php\/wp-json\/wp\/v2\/pages"}],"about":[{"href":"https:\/\/nbc2025.ibib.waw.pl\/index.php\/wp-json\/wp\/v2\/types\/page"}],"author":[{"embeddable":true,"href":"https:\/\/nbc2025.ibib.waw.pl\/index.php\/wp-json\/wp\/v2\/users\/1"}],"replies":[{"embeddable":true,"href":"https:\/\/nbc2025.ibib.waw.pl\/index.php\/wp-json\/wp\/v2\/comments?post=196"}],"version-history":[{"count":15,"href":"https:\/\/nbc2025.ibib.waw.pl\/index.php\/wp-json\/wp\/v2\/pages\/196\/revisions"}],"predecessor-version":[{"id":1107,"href":"https:\/\/nbc2025.ibib.waw.pl\/index.php\/wp-json\/wp\/v2\/pages\/196\/revisions\/1107"}],"wp:attachment":[{"href":"https:\/\/nbc2025.ibib.waw.pl\/index.php\/wp-json\/wp\/v2\/media?parent=196"}],"curies":[{"name":"wp","href":"https:\/\/api.w.org\/{rel}","templated":true}]}}