{"id":183,"date":"2024-11-13T13:53:07","date_gmt":"2024-11-13T13:53:07","guid":{"rendered":"https:\/\/nbc2025.ibib.waw.pl\/?page_id=183"},"modified":"2025-06-12T21:03:17","modified_gmt":"2025-06-12T21:03:17","slug":"international-advisory-committee","status":"publish","type":"page","link":"https:\/\/nbc2025.ibib.waw.pl\/index.php\/international-advisory-committee\/","title":{"rendered":"International Advisory Committee"},"content":{"rendered":"\n<h5 class=\"wp-block-heading\">Prof. Adam Liebert, Poland &#8211; chairman<\/h5>\n\n\n\n<h5 class=\"wp-block-heading\">PRof. Martha Zequera, Colombia \u2013 Co-Chair<\/h5>\n\n\n\n<p><br>Prof. <strong>Metin Akay<\/strong>, USA<\/p>\n\n\n\n<p>Prof. <strong>Virginia Laura Ballarin<\/strong>, Argentina<\/p>\n\n\n\n<p>Prof. <strong>Maria Fernanda Cabrera<\/strong>, Spain<\/p>\n\n\n\n<p>Prof. <strong>Paulo de Carvalho<\/strong>, Portugal<\/p>\n\n\n\n<p>Prof. <strong>Murilo Cont\u00f3<\/strong>, Brasil<\/p>\n\n\n\n<p>Prof. <strong>Marek Darowski<\/strong>, Poland<\/p>\n\n\n\n<p>Prof. <strong>Yuri Dekhtyar<\/strong>, Latvia<\/p>\n\n\n\n<p>Prof. <strong>James Goh<\/strong>, Singapore<\/p>\n\n\n\n<p>Prof. <strong>Thordur \u202aHelgason<\/strong>, Island<\/p>\n\n\n\n<p>Mr. <strong>Ashenafi Hussein Ababu<\/strong>, Ethopia<\/p>\n\n\n\n<p>Prof.<strong> Jari Hyttinen<\/strong>, Finland<\/p>\n\n\n\n<p>Prof. <strong>Ernesto Iadanza<\/strong>, Italy<\/p>\n\n\n\n<p>Dr. <strong>H\u00e5vard&nbsp; Kalv\u00f8y<\/strong>, Norway<\/p>\n\n\n\n<p>Prof. <strong>Shankar Krishnan<\/strong>, USA<\/p>\n\n\n\n<p>Prof. <strong>Igor Lackovi\u0107<\/strong>, Croatia<\/p>\n\n\n\n<p>Prof.<strong> Jaanus Lass<\/strong>, Estonia<\/p>\n\n\n\n<p>Prof.<strong> Lenka Lhotska<\/strong>, Czech Republic<\/p>\n\n\n\n<p>Prof. <strong>Kang-Ping Lin<\/strong>, Taiwan<\/p>\n\n\n\n<p>Prof. <strong>Olof Lindahl<\/strong>, Sweden<\/p>\n\n\n\n<p>Prof. <strong>Ar\u016bnas Luko\u0161evi\u010dius<\/strong>, Lithuania<\/p>\n\n\n\n<p>Prof. <strong>Ratko Magjarevi\u0107<\/strong>, Croatia<\/p>\n\n\n\n<p>Prof. <strong>Fabiola Marinez<\/strong>, Mexico<\/p>\n\n\n\n<p>Prof. <strong>Leandro Pecchia<\/strong>, Italy<\/p>\n\n\n\n<p>Prof. <strong>Subrata Saha<\/strong>, USA<\/p>\n\n\n\n<p>Prof. <strong>Ichiro Sakuma<\/strong>, Japan<\/p>\n\n\n\n<p>Prof. <strong>Elliot Vernet<\/strong>, Brasil<\/p>\n\n\n\n<p>Prof. <strong>Martha Zequera<\/strong>, Colombia<\/p>\n\n\n\n<p>Prof. <strong>Hairomg Zheng<\/strong>, China<\/p>\n","protected":false},"excerpt":{"rendered":"<p>Prof. Adam Liebert, Poland &#8211; chairman PRof. Martha Zequera, Colombia \u2013 Co-Chair Prof. Metin Akay, USA Prof. Virginia Laura Ballarin, Argentina Prof. Maria Fernanda Cabrera, Spain Prof. Paulo de Carvalho, &#8230;<\/p>\n","protected":false},"author":1,"featured_media":0,"parent":0,"menu_order":0,"comment_status":"closed","ping_status":"closed","template":"template-fullwidth.php","meta":{"footnotes":""},"class_list":["post-183","page","type-page","status-publish","hentry"],"_links":{"self":[{"href":"https:\/\/nbc2025.ibib.waw.pl\/index.php\/wp-json\/wp\/v2\/pages\/183","targetHints":{"allow":["GET"]}}],"collection":[{"href":"https:\/\/nbc2025.ibib.waw.pl\/index.php\/wp-json\/wp\/v2\/pages"}],"about":[{"href":"https:\/\/nbc2025.ibib.waw.pl\/index.php\/wp-json\/wp\/v2\/types\/page"}],"author":[{"embeddable":true,"href":"https:\/\/nbc2025.ibib.waw.pl\/index.php\/wp-json\/wp\/v2\/users\/1"}],"replies":[{"embeddable":true,"href":"https:\/\/nbc2025.ibib.waw.pl\/index.php\/wp-json\/wp\/v2\/comments?post=183"}],"version-history":[{"count":7,"href":"https:\/\/nbc2025.ibib.waw.pl\/index.php\/wp-json\/wp\/v2\/pages\/183\/revisions"}],"predecessor-version":[{"id":1704,"href":"https:\/\/nbc2025.ibib.waw.pl\/index.php\/wp-json\/wp\/v2\/pages\/183\/revisions\/1704"}],"wp:attachment":[{"href":"https:\/\/nbc2025.ibib.waw.pl\/index.php\/wp-json\/wp\/v2\/media?parent=183"}],"curies":[{"name":"wp","href":"https:\/\/api.w.org\/{rel}","templated":true}]}}