{"id":1608,"date":"2025-06-12T11:21:52","date_gmt":"2025-06-12T11:21:52","guid":{"rendered":"https:\/\/nbc2025.ibib.waw.pl\/?page_id=1608"},"modified":"2025-06-12T12:48:21","modified_gmt":"2025-06-12T12:48:21","slug":"social-events","status":"publish","type":"page","link":"https:\/\/nbc2025.ibib.waw.pl\/index.php\/social-events\/","title":{"rendered":"Social Events"},"content":{"rendered":"\n<p style=\"font-size:16px\"><\/p>\n\n\n\n<details class=\"wp-block-details is-layout-flow wp-block-details-is-layout-flow\" style=\"font-size:18px\"><summary>Musical Performance<\/summary>\n<p><\/p>\n\n\n\n<h5 class=\"wp-block-heading\">During the Opening Ceremony &amp; 50th Anniversary of IBIB PAN Monday, June 16, 2025, 12:15\u201312:45<\/h5>\n\n\n\n<p>Amok, a string quartet, will provide a musical performance during the Opening Ceremony and 50th Anniversary of IBIB PAN. The program will include music from films, musicals, and other entertainment genres.<\/p>\n\n\n\n<figure class=\"wp-block-image size-full is-resized\"><img loading=\"lazy\" decoding=\"async\" width=\"294\" height=\"212\" src=\"https:\/\/nbc2025.ibib.waw.pl\/wp-content\/uploads\/2025\/06\/image.png\" alt=\"The logo of the Amok quarted\" class=\"wp-image-1613\" style=\"width:231px;height:auto\"\/><\/figure>\n\n\n\n<p>&#8220;Por una Cabeza&#8221; \u2013 Tango from the film <em>Scent of a Woman<\/em><\/p>\n\n\n\n<p>\u201eNew York, New York\u201d \u201eFly me to the Moon\u201d<\/p>\n\n\n\n<p>\u201cRehab\u201d<\/p>\n\n\n\n<p>\u201cHow deep is your Love\u201d<\/p>\n\n\n\n<p>\u201cWhat a wonderful World\u201d<\/p>\n\n\n\n<p>\u201cCobacabana\u201d<\/p>\n\n\n\n<p>\u201cLibertango\u201d<\/p>\n\n\n\n<figure class=\"wp-block-image size-full is-resized\"><img loading=\"lazy\" decoding=\"async\" width=\"746\" height=\"497\" src=\"https:\/\/nbc2025.ibib.waw.pl\/wp-content\/uploads\/2025\/06\/image-1.png\" alt=\"The photo of the Amok quarted\" class=\"wp-image-1614\" style=\"width:397px;height:auto\" srcset=\"https:\/\/nbc2025.ibib.waw.pl\/wp-content\/uploads\/2025\/06\/image-1.png 746w, https:\/\/nbc2025.ibib.waw.pl\/wp-content\/uploads\/2025\/06\/image-1-300x200.png 300w\" sizes=\"auto, (max-width: 746px) 100vw, 746px\" \/><\/figure>\n<\/details>\n\n\n\n<p><\/p>\n\n\n\n<details class=\"wp-block-details is-layout-flow wp-block-details-is-layout-flow\" style=\"font-size:18px\"><summary>Welcome Reception<\/summary>\n<p><\/p>\n\n\n\n<h5 class=\"wp-block-heading\">LookUp Skyevents, Skyliner building, floors 41-42, ul. Prosta 67 Monday, June 16, 2025, 19:45\u201322:00<\/h5>\n\n\n\n<p>LookUp Events is a new event and conference space located on the top floors of Skyliner \u2013 a Warsaw A+ class skyscraper, in the heart of the city, at Rondo Daszy\u0144skiego.<br>It is characterized by tasteful and spacious interiors, combining modern form, exposing the unique panorama of the city and professional catering service.<br>A spacious space located on 42 Floor that can accommodate up to 200 people on an area of 270 m2.<br>Ideal for organizing conferences or banquets, during which participants will be able to experience a unique view of the panorama of the pulsating city of Warsaw. And all in a modern zone with a loft character.<\/p>\n\n\n\n<figure class=\"wp-block-image size-full is-resized\"><img loading=\"lazy\" decoding=\"async\" width=\"442\" height=\"551\" src=\"https:\/\/nbc2025.ibib.waw.pl\/wp-content\/uploads\/2025\/06\/image-2.png\" alt=\"The photo of the Skyliner building\" class=\"wp-image-1619\" style=\"width:372px;height:auto\" srcset=\"https:\/\/nbc2025.ibib.waw.pl\/wp-content\/uploads\/2025\/06\/image-2.png 442w, https:\/\/nbc2025.ibib.waw.pl\/wp-content\/uploads\/2025\/06\/image-2-241x300.png 241w\" sizes=\"auto, (max-width: 442px) 100vw, 442px\" \/><\/figure>\n\n\n\n<p>LookUp space is much more than just a tasteful, modern and functional decor and a breath- taking panorama of the city. This is a unique place on the gastronomic map of the capital.<br>Thanks to a fully equipped, professional kitchen, Chef Marcin Wojtczak will satisfy the palates of the most demanding guests, which are the participants of NBC 2025 &amp; PCBBE 2025. Based on his<br>own menu, he will conjure up culinary works of art, which will be complemented by an extensive wine list and a bar guaranteeing unparalleled taste experiences. The menu is served in the form of finger food, a served menu, buffets, a cocktail menu and culinary stations.<br>LookUp was shortlisted for the Hospitality Design Awards 2024 and won the Restaurant &amp; Bar<br>Design Awards 2024 in the Surface Interior category in Europe.<\/p>\n\n\n\n<figure class=\"wp-block-image size-full is-resized\"><img loading=\"lazy\" decoding=\"async\" width=\"614\" height=\"409\" src=\"https:\/\/nbc2025.ibib.waw.pl\/wp-content\/uploads\/2025\/06\/image-3.png\" alt=\"The Skyliner interior photo\" class=\"wp-image-1622\" style=\"width:413px;height:auto\" srcset=\"https:\/\/nbc2025.ibib.waw.pl\/wp-content\/uploads\/2025\/06\/image-3.png 614w, https:\/\/nbc2025.ibib.waw.pl\/wp-content\/uploads\/2025\/06\/image-3-300x200.png 300w\" sizes=\"auto, (max-width: 614px) 100vw, 614px\" \/><\/figure>\n\n\n\n<iframe src=\"https:\/\/www.google.com\/maps\/embed?pb=!1m18!1m12!1m3!1d2443.7602944306454!2d20.981010280529038!3d52.22957266572508!2m3!1f0!2f0!3f0!3m2!1i1024!2i768!4f13.1!3m3!1m2!1s0x471ecdc451762159%3A0xf21d3c8ffe575f03!2sSkyliner!5e0!3m2!1sen!2spl!4v1749732311761!5m2!1sen!2spl\" width=\"600\" height=\"450\" style=\"border:0;\" allowfullscreen=\"\" loading=\"lazy\" referrerpolicy=\"no-referrer-when-downgrade\"><\/iframe>\n<\/details>\n\n\n\n<p><\/p>\n\n\n\n<details class=\"wp-block-details is-layout-flow wp-block-details-is-layout-flow\" style=\"font-size:18px\"><summary>Conference Gala<\/summary>\n<p><\/p>\n\n\n\n<h5 class=\"wp-block-heading\"><strong>Sheraton Grand Warsaw, ul. Boles\u0142awa Prusa 2<\/strong>, Tuesday, June 17, 2025, 20:00\u201322:30<\/h5>\n\n\n\n<p>Sheraton Grand Warsaw is ideally located within the walking distance to The Old Town with all its iconic tourist attractions. The Vistula River Boulevards are just a short walk away and the closest neighborhood features an elegant shopping center, numerous boutiques, lively bars and cafes. Sheraton Grand Warsaw joined brand\u2019s new premier tier of hotels being renowned for its enticing destination, distinguished design, excellence in service and outstanding guest experiences.<\/p>\n\n\n\n<figure class=\"wp-block-image size-full is-resized\"><img loading=\"lazy\" decoding=\"async\" width=\"485\" height=\"408\" src=\"https:\/\/nbc2025.ibib.waw.pl\/wp-content\/uploads\/2025\/06\/image-4.png\" alt=\"The photo of the Sheraton Grand Hotel\" class=\"wp-image-1626\" style=\"width:361px;height:auto\" srcset=\"https:\/\/nbc2025.ibib.waw.pl\/wp-content\/uploads\/2025\/06\/image-4.png 485w, https:\/\/nbc2025.ibib.waw.pl\/wp-content\/uploads\/2025\/06\/image-4-300x252.png 300w\" sizes=\"auto, (max-width: 485px) 100vw, 485px\" \/><\/figure>\n\n\n\n<p>In the interwar period, this place was occupied by a building belonging to the Italian insurance company Riunione Adriatica di Sicurt\u00e0, which housed a large cinema called &#8220;Napoleon&#8221; (renamed &#8220;Apollo&#8221;). After World War II, a stone with a plaque commemorating \u0141adys\u0142aw Buczy\u0144ski was placed on the square created in place of the destroyed building.<\/p>\n\n\n\n<p>The building, erected in 1994\u20131996, has seven above-ground and two underground floors. The hotel has 350 rooms (including 267 in the main wing) and about 100 parking spaces.<\/p>\n\n\n\n<figure class=\"wp-block-image size-full is-resized\"><img loading=\"lazy\" decoding=\"async\" width=\"564\" height=\"474\" src=\"https:\/\/nbc2025.ibib.waw.pl\/wp-content\/uploads\/2025\/06\/image-5.png\" alt=\"The Sheraton Grand Hotel interior photo\" class=\"wp-image-1628\" style=\"width:355px;height:auto\" srcset=\"https:\/\/nbc2025.ibib.waw.pl\/wp-content\/uploads\/2025\/06\/image-5.png 564w, https:\/\/nbc2025.ibib.waw.pl\/wp-content\/uploads\/2025\/06\/image-5-300x252.png 300w\" sizes=\"auto, (max-width: 564px) 100vw, 564px\" \/><\/figure>\n\n\n\n<p>A plaque commemorating \u0141adys\u0142aw Buczy\u0144ski was placed on the building&#8217;s fa\u00e7ade, replacing the existing commemoration. The previous designation \u201cfighter of the People&#8217;s Guard\u201d on the new plaque was replaced with the phrase &#8220;fighter of the Polish resistance movement&#8221;.<br>The hotel was the temporary headquarters of a number of embassies \u2013 Kuwait (2003), Luxembourg (2007), Qatar (2008) and the United Arab Emirates (2009).<br>In 2019, the modernization of the hotel&#8217;s interior was completed, after which it changed its name to Sheraton Grand.<\/p>\n\n\n\n<iframe src=\"https:\/\/www.google.com\/maps\/embed?pb=!1m18!1m12!1m3!1d2443.84789734519!2d21.02293696349306!3d52.227981165660324!2m3!1f0!2f0!3f0!3m2!1i1024!2i768!4f13.1!3m3!1m2!1s0x471eccfa6db67cb5%3A0xc5c07d0b99b3328b!2sSheraton%20Grand%20Warsaw!5e0!3m2!1sen!2spl!4v1749732467048!5m2!1sen!2spl\" width=\"600\" height=\"450\" style=\"border:0;\" allowfullscreen=\"\" loading=\"lazy\" referrerpolicy=\"no-referrer-when-downgrade\"><\/iframe>\n<\/details>\n\n\n\n<p><\/p>\n","protected":false},"excerpt":{"rendered":"","protected":false},"author":1,"featured_media":0,"parent":0,"menu_order":0,"comment_status":"closed","ping_status":"closed","template":"template-fullwidth.php","meta":{"footnotes":""},"class_list":["post-1608","page","type-page","status-publish","hentry"],"_links":{"self":[{"href":"https:\/\/nbc2025.ibib.waw.pl\/index.php\/wp-json\/wp\/v2\/pages\/1608","targetHints":{"allow":["GET"]}}],"collection":[{"href":"https:\/\/nbc2025.ibib.waw.pl\/index.php\/wp-json\/wp\/v2\/pages"}],"about":[{"href":"https:\/\/nbc2025.ibib.waw.pl\/index.php\/wp-json\/wp\/v2\/types\/page"}],"author":[{"embeddable":true,"href":"https:\/\/nbc2025.ibib.waw.pl\/index.php\/wp-json\/wp\/v2\/users\/1"}],"replies":[{"embeddable":true,"href":"https:\/\/nbc2025.ibib.waw.pl\/index.php\/wp-json\/wp\/v2\/comments?post=1608"}],"version-history":[{"count":18,"href":"https:\/\/nbc2025.ibib.waw.pl\/index.php\/wp-json\/wp\/v2\/pages\/1608\/revisions"}],"predecessor-version":[{"id":1690,"href":"https:\/\/nbc2025.ibib.waw.pl\/index.php\/wp-json\/wp\/v2\/pages\/1608\/revisions\/1690"}],"wp:attachment":[{"href":"https:\/\/nbc2025.ibib.waw.pl\/index.php\/wp-json\/wp\/v2\/media?parent=1608"}],"curies":[{"name":"wp","href":"https:\/\/api.w.org\/{rel}","templated":true}]}}